{"id":32,"date":"2018-09-26T07:44:44","date_gmt":"2018-09-26T05:44:44","guid":{"rendered":"http:\/\/1e5s8suun.preview.infomaniak.website\/?page_id=32"},"modified":"2022-02-02T10:00:25","modified_gmt":"2022-02-02T09:00:25","slug":"realisations","status":"publish","type":"page","link":"https:\/\/project-inside.com\/?page_id=32","title":{"rendered":"R\u00e9alisations"},"content":{"rendered":"<p>[et_pb_section fb_built=\u00a0\u00bb1&Prime; _builder_version=\u00a0\u00bb4.2&Prime;][et_pb_row column_structure=\u00a0\u00bb1_2,1_2&Prime; _builder_version=\u00a0\u00bb4.2&Prime; border_color_all=\u00a0\u00bb#7cda24&Prime;][et_pb_column type=\u00a0\u00bb1_2&Prime; _builder_version=\u00a0\u00bb4.2&Prime;][et_pb_text _builder_version=\u00a0\u00bb4.2&Prime; filter_brightness=\u00a0\u00bb91%\u00a0\u00bb filter_opacity=\u00a0\u00bb58%\u00a0\u00bb border_color_all=\u00a0\u00bb#7cda24&Prime; box_shadow_style=\u00a0\u00bbpreset4&Prime; box_shadow_color=\u00a0\u00bb#7cda24&Prime;]<\/p>\n<h1 style=\"text-align: center;\"><strong>Une terrasse \u00e0<\/strong><\/h1>\n<h1 style=\"text-align: center;\"><strong> SAN FRANCISCO<\/strong><\/h1>\n<p>[\/et_pb_text][et_pb_text _builder_version=\u00a0\u00bb4.2&Prime; filter_brightness=\u00a0\u00bb91%\u00a0\u00bb filter_opacity=\u00a0\u00bb58%\u00a0\u00bb border_color_all=\u00a0\u00bb#7cda24&Prime;]<\/p>\n<h5 style=\"text-align: justify;\"><\/h5>\n<h5 style=\"text-align: justify;\"><strong>Gr\u00e2ce aux r\u00e9seaux de communication digitale, ma cliente a pu r\u00e9aliser sa terrasse par elle-m\u00eame en suivant les \u00e9tapes du package \u00ab\u00a0Coup d&rsquo;pouce ON LINE \u00ab\u00a0<\/strong><\/h5>\n<p>[\/et_pb_text][\/et_pb_column][et_pb_column type=\u00a0\u00bb1_2&Prime; _builder_version=\u00a0\u00bb4.2&Prime;][et_pb_video src=\u00a0\u00bbhttp:\/\/www.project-inside.com\/wp-content\/uploads\/2020\/01\/1507940147251-drlcss-1.mp4&Prime; _builder_version=\u00a0\u00bb4.2&Prime;][\/et_pb_video][\/et_pb_column][\/et_pb_row][et_pb_row column_structure=\u00a0\u00bb1_2,1_2&Prime; _builder_version=\u00a0\u00bb4.2&Prime;][et_pb_column type=\u00a0\u00bb1_2&Prime; _builder_version=\u00a0\u00bb4.2&Prime;][et_pb_text _builder_version=\u00a0\u00bb4.2&Prime; filter_brightness=\u00a0\u00bb91%\u00a0\u00bb filter_opacity=\u00a0\u00bb58%\u00a0\u00bb border_color_all=\u00a0\u00bb#7cda24&Prime; box_shadow_style=\u00a0\u00bbpreset4&Prime; box_shadow_color=\u00a0\u00bb#7cda24&Prime;]<\/p>\n<h1 style=\"text-align: center;\"><strong>Une maison \u00e0<\/strong><\/h1>\n<h1 style=\"text-align: center;\"><strong> GENEVE<\/strong><\/h1>\n<p>[\/et_pb_text][et_pb_text _builder_version=\u00a0\u00bb4.2&Prime; filter_brightness=\u00a0\u00bb91%\u00a0\u00bb filter_opacity=\u00a0\u00bb58%\u00a0\u00bb border_color_all=\u00a0\u00bb#7cda24&Prime;]<\/p>\n<h5>\u00a0<\/h5>\n<h5><strong>Gr\u00e2ce \u00e0 un suivi personnalis\u00e9, ma cliente a pu red\u00e9couvrir son espace de vie.<\/strong><\/h5>\n<h5><b>La plupart des am\u00e9nagements ont \u00e9t\u00e9 r\u00e9alis\u00e9 avec des meubles, objets et d\u00e9corations que ma cliente avait d\u00e9j\u00e0.<\/b><\/h5>\n<h5><b>Les seuls investissements : <\/b><\/h5>\n<ul>\n<li>\n<h5><b>peinture des murs<\/b><\/h5>\n<\/li>\n<li>\n<h5><b>pieds d&rsquo;une table basse (dans la chambre jaune)<\/b><\/h5>\n<\/li>\n<li>\n<h5><b>Meubles et tapis de jardin<\/b><\/h5>\n<\/li>\n<li>\n<h5><b>Luminaire de la salle \u00e0 manger et de la chambre principale<\/b><\/h5>\n<\/li>\n<li>\n<h5><b>Chevet dans la chambre principale<\/b><\/h5>\n<\/li>\n<li>\n<h5><b>Tabouret pour la coiffeuse<\/b><\/h5>\n<\/li>\n<\/ul>\n<p>[\/et_pb_text][\/et_pb_column][et_pb_column type=\u00a0\u00bb1_2&Prime; _builder_version=\u00a0\u00bb4.2&Prime;][et_pb_text _builder_version=\u00a0\u00bb4.2&Prime; _dynamic_attributes=\u00a0\u00bblink_option_url\u00a0\u00bb link_option_url=\u00a0\u00bb@ET-DC@eyJkeW5hbWljIjp0cnVlLCJjb250ZW50IjoicG9zdF9saW5rX3VybF9wb3N0Iiwic2V0dGluZ3MiOnsicG9zdF9pZCI6IjY0MCJ9fQ==@\u00a0\u00bb]<\/p>\n<p style=\"text-align: center;\">D\u00e9couvrez un<\/p>\n<p>&nbsp;<\/p>\n<h1 style=\"text-align: center;\"><strong>AVANT \/ APRES<\/strong><\/h1>\n<p>[\/et_pb_text][et_pb_image src=\u00a0\u00bbhttp:\/\/www.project-inside.com\/wp-content\/uploads\/2020\/01\/Sans-titre-300&#215;240.png\u00a0\u00bb url=\u00a0\u00bb@ET-DC@eyJkeW5hbWljIjp0cnVlLCJjb250ZW50IjoicG9zdF9saW5rX3VybF9wb3N0Iiwic2V0dGluZ3MiOnsicG9zdF9pZCI6IjY0MCJ9fQ==@\u00a0\u00bb url_new_window=\u00a0\u00bbon\u00a0\u00bb align=\u00a0\u00bbcenter\u00a0\u00bb _builder_version=\u00a0\u00bb4.2&Prime; _dynamic_attributes=\u00a0\u00bburl\u00a0\u00bb][\/et_pb_image][\/et_pb_column][\/et_pb_row][et_pb_row column_structure=\u00a0\u00bb1_2,1_2&Prime; _builder_version=\u00a0\u00bb4.2&Prime;][et_pb_column type=\u00a0\u00bb1_2&Prime; _builder_version=\u00a0\u00bb4.2&Prime;][\/et_pb_column][et_pb_column type=\u00a0\u00bb1_2&Prime; _builder_version=\u00a0\u00bb4.2&Prime;][et_pb_text _builder_version=\u00a0\u00bb4.2&Prime; _dynamic_attributes=\u00a0\u00bblink_option_url\u00a0\u00bb link_option_url=\u00a0\u00bb@ET-DC@eyJkeW5hbWljIjp0cnVlLCJjb250ZW50IjoicG9zdF9saW5rX3VybF9wYWdlIiwic2V0dGluZ3MiOnsicG9zdF9pZCI6IjI3In19@\u00a0\u00bb box_shadow_style=\u00a0\u00bbpreset1&Prime; box_shadow_color=\u00a0\u00bb#7cda24&Prime;]<\/p>\n<h3 style=\"text-align: right;\">Envie de r\u00e9v\u00e9ler votre espace de vie ?<\/h3>\n<p>[\/et_pb_text][\/et_pb_column][\/et_pb_row][et_pb_row column_structure=\u00a0\u00bb1_2,1_2&Prime; _builder_version=\u00a0\u00bb4.2&Prime;][et_pb_column type=\u00a0\u00bb1_2&Prime; _builder_version=\u00a0\u00bb4.2&Prime;][et_pb_text _builder_version=\u00a0\u00bb4.2&Prime; filter_brightness=\u00a0\u00bb91%\u00a0\u00bb filter_opacity=\u00a0\u00bb58%\u00a0\u00bb border_color_all=\u00a0\u00bb#7cda24&Prime; box_shadow_style=\u00a0\u00bbpreset4&Prime; box_shadow_color=\u00a0\u00bb#7cda24&Prime;]<\/p>\n<h1 style=\"text-align: center;\"><strong>Un bureau en<\/strong><\/h1>\n<h1 style=\"text-align: center;\"><strong> FRANCE<\/strong><\/h1>\n<p>[\/et_pb_text][et_pb_text _builder_version=\u00a0\u00bb4.2&Prime; filter_brightness=\u00a0\u00bb91%\u00a0\u00bb filter_opacity=\u00a0\u00bb58%\u00a0\u00bb border_color_all=\u00a0\u00bb#7cda24&Prime;]<\/p>\n<h5 style=\"text-align: justify;\"><strong><\/strong><\/h5>\n<h5 style=\"text-align: justify;\"><strong><\/strong><\/h5>\n<h5 style=\"text-align: center;\"><strong>Suite \u00e0 un \u00e9v\u00e9nement dans sa vie, ma cliente a souhait\u00e9 se r\u00e9approprier cet espace.<\/strong><\/h5>\n<p>[\/et_pb_text][\/et_pb_column][et_pb_column type=\u00a0\u00bb1_2&Prime; _builder_version=\u00a0\u00bb4.2&Prime;][et_pb_text _builder_version=\u00a0\u00bb4.2&Prime; _dynamic_attributes=\u00a0\u00bblink_option_url\u00a0\u00bb link_option_url=\u00a0\u00bb@ET-DC@eyJkeW5hbWljIjp0cnVlLCJjb250ZW50IjoicG9zdF9saW5rX3VybF9wb3N0Iiwic2V0dGluZ3MiOnsicG9zdF9pZCI6IjY4MiJ9fQ==@\u00a0\u00bb]<\/p>\n<p style=\"text-align: center;\">D\u00e9couvrez un<\/p>\n<p>&nbsp;<\/p>\n<h1 style=\"text-align: center;\"><strong>AVANT \/ APRES<\/strong><\/h1>\n<p>[\/et_pb_text][et_pb_image src=\u00a0\u00bbhttp:\/\/www.project-inside.com\/wp-content\/uploads\/2020\/01\/bureau-300&#215;240.png\u00a0\u00bb url=\u00a0\u00bb@ET-DC@eyJkeW5hbWljIjp0cnVlLCJjb250ZW50IjoicG9zdF9saW5rX3VybF9wb3N0Iiwic2V0dGluZ3MiOnsicG9zdF9pZCI6IjY4MiJ9fQ==@\u00a0\u00bb url_new_window=\u00a0\u00bbon\u00a0\u00bb align=\u00a0\u00bbcenter\u00a0\u00bb _builder_version=\u00a0\u00bb4.2&Prime; _dynamic_attributes=\u00a0\u00bburl\u00a0\u00bb][\/et_pb_image][\/et_pb_column][\/et_pb_row][et_pb_row column_structure=\u00a0\u00bb1_2,1_2&Prime; _builder_version=\u00a0\u00bb4.2&Prime;][et_pb_column type=\u00a0\u00bb1_2&Prime; _builder_version=\u00a0\u00bb4.2&Prime;][et_pb_text _builder_version=\u00a0\u00bb4.2&Prime; filter_brightness=\u00a0\u00bb91%\u00a0\u00bb filter_opacity=\u00a0\u00bb58%\u00a0\u00bb border_color_all=\u00a0\u00bb#7cda24&Prime; box_shadow_style=\u00a0\u00bbpreset4&Prime; box_shadow_color=\u00a0\u00bb#7cda24&Prime;]<\/p>\n<h1 style=\"text-align: center;\"><strong>Un appartement \u00e0<\/strong><\/h1>\n<h1 style=\"text-align: center;\"><strong> MONTREUX<\/strong><\/h1>\n<p>[\/et_pb_text][et_pb_text _builder_version=\u00a0\u00bb4.2&Prime; filter_brightness=\u00a0\u00bb91%\u00a0\u00bb filter_opacity=\u00a0\u00bb58%\u00a0\u00bb border_color_all=\u00a0\u00bb#7cda24&Prime;]<\/p>\n<h5 style=\"text-align: center;\"><\/h5>\n<h5 style=\"text-align: center;\">Les clients souhaitaient une ambiance de\u00a0palace classique 5 \u00e9toiles .<\/h5>\n<p>[\/et_pb_text][\/et_pb_column][et_pb_column type=\u00a0\u00bb1_2&Prime; _builder_version=\u00a0\u00bb4.2&Prime;][et_pb_text _builder_version=\u00a0\u00bb4.2&Prime; _dynamic_attributes=\u00a0\u00bblink_option_url\u00a0\u00bb link_option_url=\u00a0\u00bb@ET-DC@eyJkeW5hbWljIjp0cnVlLCJjb250ZW50IjoicG9zdF9saW5rX3VybF9wb3N0Iiwic2V0dGluZ3MiOnsicG9zdF9pZCI6IjcwMSJ9fQ==@\u00a0\u00bb]<\/p>\n<p style=\"text-align: center;\">D\u00e9couvrez un<\/p>\n<p>&nbsp;<\/p>\n<h1 style=\"text-align: center;\"><strong>AVANT \/ APRES<\/strong><\/h1>\n<p>[\/et_pb_text][et_pb_image src=\u00a0\u00bbhttp:\/\/www.project-inside.com\/wp-content\/uploads\/2020\/01\/montreux-300&#215;240.png\u00a0\u00bb url=\u00a0\u00bb@ET-DC@eyJkeW5hbWljIjp0cnVlLCJjb250ZW50IjoicG9zdF9saW5rX3VybF9wb3N0Iiwic2V0dGluZ3MiOnsicG9zdF9pZCI6IjcwMSJ9fQ==@\u00a0\u00bb align=\u00a0\u00bbcenter\u00a0\u00bb _builder_version=\u00a0\u00bb4.2&Prime; _dynamic_attributes=\u00a0\u00bburl\u00a0\u00bb][\/et_pb_image][\/et_pb_column][\/et_pb_row][et_pb_row column_structure=\u00a0\u00bb1_2,1_2&Prime; _builder_version=\u00a0\u00bb4.4.2&Prime; _dynamic_attributes=\u00a0\u00bblink_option_url\u00a0\u00bb link_option_url=\u00a0\u00bb@ET-DC@eyJkeW5hbWljIjp0cnVlLCJjb250ZW50IjoicG9zdF9saW5rX3VybF9wb3N0Iiwic2V0dGluZ3MiOnsicG9zdF9pZCI6IjEzMDUifX0=@\u00a0\u00bb link_option_url_new_window=\u00a0\u00bbon\u00a0\u00bb][et_pb_column type=\u00a0\u00bb1_2&Prime; _builder_version=\u00a0\u00bb4.2&Prime;][et_pb_text _builder_version=\u00a0\u00bb4.4.2&Prime; filter_brightness=\u00a0\u00bb91%\u00a0\u00bb filter_opacity=\u00a0\u00bb58%\u00a0\u00bb border_color_all=\u00a0\u00bb#7cda24&Prime; box_shadow_style=\u00a0\u00bbpreset4&Prime; box_shadow_color=\u00a0\u00bb#7cda24&Prime;]<\/p>\n<h1 style=\"text-align: center;\">Une chambre \u00e0 coucher\u00a0<\/h1>\n<h1 style=\"text-align: center;\">GENEVE<\/h1>\n<p>[\/et_pb_text][et_pb_text _builder_version=\u00a0\u00bb4.4.2&Prime; filter_brightness=\u00a0\u00bb91%\u00a0\u00bb filter_opacity=\u00a0\u00bb58%\u00a0\u00bb border_color_all=\u00a0\u00bb#7cda24&Prime;]<\/p>\n<h5 style=\"text-align: center;\"><\/h5>\n<h5 style=\"text-align: center;\">Ma cliente a une tr\u00e8s belle sensibilit\u00e9, elle aime les gens, elle aime les aider et faire briller leur personnalit\u00e9. Elle avait besoin de modifier sa chambre \u00e0 coucher pour cr\u00e9er un v\u00e9ritable cocon. Elle avait juste besoin d&rsquo;un petit coup d&rsquo;pouce !\u00a0<\/h5>\n<p>[\/et_pb_text][\/et_pb_column][et_pb_column type=\u00a0\u00bb1_2&Prime; _builder_version=\u00a0\u00bb4.2&Prime;][et_pb_text _builder_version=\u00a0\u00bb4.4.8&Prime; _dynamic_attributes=\u00a0\u00bblink_option_url\u00a0\u00bb link_option_url=\u00a0\u00bb@ET-DC@eyJkeW5hbWljIjp0cnVlLCJjb250ZW50IjoicG9zdF9saW5rX3VybF9wb3N0Iiwic2V0dGluZ3MiOnsicG9zdF9pZCI6IjcwMSJ9fQ==@\u00a0\u00bb]<\/p>\n<p style=\"text-align: center;\">D\u00e9couvrez un<\/p>\n<p>&nbsp;<\/p>\n<h1 style=\"text-align: center;\"><strong>AVANT \/ APRES<\/strong><\/h1>\n<p>[\/et_pb_text][et_pb_image src=\u00a0\u00bbhttp:\/\/www.project-inside.com\/wp-content\/uploads\/2020\/04\/Vanessa-2-pdf-300&#215;240.jpg\u00a0\u00bb url=\u00a0\u00bb@ET-DC@eyJkeW5hbWljIjp0cnVlLCJjb250ZW50IjoicG9zdF9saW5rX3VybF9wb3N0Iiwic2V0dGluZ3MiOnsicG9zdF9pZCI6IjcwMSJ9fQ==@\u00a0\u00bb align=\u00a0\u00bbcenter\u00a0\u00bb _builder_version=\u00a0\u00bb4.4.8&Prime; _dynamic_attributes=\u00a0\u00bburl\u00a0\u00bb hover_enabled=\u00a0\u00bb0&Prime;][\/et_pb_image][\/et_pb_column][\/et_pb_row][et_pb_row column_structure=\u00a0\u00bb1_2,1_2&Prime; _builder_version=\u00a0\u00bb4.4.8&Prime; _dynamic_attributes=\u00a0\u00bblink_option_url\u00a0\u00bb link_option_url=\u00a0\u00bb@ET-DC@eyJkeW5hbWljIjp0cnVlLCJjb250ZW50IjoicG9zdF9saW5rX3VybF9wb3N0Iiwic2V0dGluZ3MiOnsicG9zdF9pZCI6IjE0MjQifX0=@\u00a0\u00bb hover_enabled=\u00a0\u00bb0&Prime;][et_pb_column type=\u00a0\u00bb1_2&Prime; _builder_version=\u00a0\u00bb4.2&Prime;][et_pb_text _builder_version=\u00a0\u00bb4.2&Prime; filter_brightness=\u00a0\u00bb91%\u00a0\u00bb filter_opacity=\u00a0\u00bb58%\u00a0\u00bb border_color_all=\u00a0\u00bb#7cda24&Prime; box_shadow_style=\u00a0\u00bbpreset4&Prime; box_shadow_color=\u00a0\u00bb#7cda24&Prime;]<\/p>\n<h1 style=\"text-align: center;\"><strong>Un espace salon \u00e0<\/strong><\/h1>\n<h1 style=\"text-align: center;\"><strong> CHARDONNE<\/strong><\/h1>\n<p>[\/et_pb_text][et_pb_text _builder_version=\u00a0\u00bb4.4.8&Prime; filter_brightness=\u00a0\u00bb91%\u00a0\u00bb filter_opacity=\u00a0\u00bb58%\u00a0\u00bb hover_enabled=\u00a0\u00bb0&Prime; border_color_all=\u00a0\u00bb#7cda24&Prime; link_option_url=\u00a0\u00bb@ET-DC@eyJkeW5hbWljIjp0cnVlLCJjb250ZW50IjoicG9zdF9saW5rX3VybF9wb3N0Iiwic2V0dGluZ3MiOnsicG9zdF9pZCI6IjE0MjQifX0=@\u00a0\u00bb _dynamic_attributes=\u00a0\u00bblink_option_url\u00a0\u00bb]<\/p>\n<h5 style=\"text-align: justify;\"><strong>Objectifs\u00a0:<\/strong><\/h5>\n<ul>\n<li style=\"text-align: justify;\">\n<h5><strong>Donner un style \u00e0 ce grand espace<\/strong><\/h5>\n<\/li>\n<li style=\"text-align: justify;\">\n<h5><strong>Profiter de ce bel espace et de la vue<\/strong><\/h5>\n<\/li>\n<li>\n<h5 style=\"text-align: justify;\"><strong>Ne plus vivre dans des meubles \u00ab\u00a0provisoires\u00a0\u00bb<\/strong><\/h5>\n<\/li>\n<\/ul>\n<p>[\/et_pb_text][\/et_pb_column][et_pb_column type=\u00a0\u00bb1_2&Prime; _builder_version=\u00a0\u00bb4.2&Prime;][et_pb_text _builder_version=\u00a0\u00bb4.4.8&Prime; _dynamic_attributes=\u00a0\u00bblink_option_url\u00a0\u00bb link_option_url=\u00a0\u00bb@ET-DC@eyJkeW5hbWljIjp0cnVlLCJjb250ZW50IjoicG9zdF9saW5rX3VybF9wb3N0Iiwic2V0dGluZ3MiOnsicG9zdF9pZCI6IjE0MjQifX0=@\u00a0\u00bb hover_enabled=\u00a0\u00bb0&Prime;]<\/p>\n<p style=\"text-align: center;\">D\u00e9couvrez un<\/p>\n<p>&nbsp;<\/p>\n<h1 style=\"text-align: center;\"><strong>AVANT \/ APRES<\/strong><\/h1>\n<p>[\/et_pb_text][et_pb_image src=\u00a0\u00bbhttp:\/\/www.project-inside.com\/wp-content\/uploads\/2022\/02\/Chardonne.jpg\u00a0\u00bb url=\u00a0\u00bb@ET-DC@eyJkeW5hbWljIjp0cnVlLCJjb250ZW50IjoicG9zdF9saW5rX3VybF9wb3N0Iiwic2V0dGluZ3MiOnsicG9zdF9pZCI6IjE0MjQifX0=@\u00a0\u00bb align=\u00a0\u00bbcenter\u00a0\u00bb _builder_version=\u00a0\u00bb4.4.8&Prime; _dynamic_attributes=\u00a0\u00bburl\u00a0\u00bb hover_enabled=\u00a0\u00bb0&Prime;][\/et_pb_image][\/et_pb_column][\/et_pb_row][et_pb_row column_structure=\u00a0\u00bb1_2,1_2&Prime; _builder_version=\u00a0\u00bb4.2&Prime;][et_pb_column type=\u00a0\u00bb1_2&Prime; _builder_version=\u00a0\u00bb4.2&Prime;][\/et_pb_column][et_pb_column type=\u00a0\u00bb1_2&Prime; _builder_version=\u00a0\u00bb4.2&Prime;][et_pb_text _builder_version=\u00a0\u00bb4.2&Prime; _dynamic_attributes=\u00a0\u00bblink_option_url\u00a0\u00bb link_option_url=\u00a0\u00bb@ET-DC@eyJkeW5hbWljIjp0cnVlLCJjb250ZW50IjoicG9zdF9saW5rX3VybF9wYWdlIiwic2V0dGluZ3MiOnsicG9zdF9pZCI6IjI3In19@\u00a0\u00bb box_shadow_style=\u00a0\u00bbpreset1&Prime; box_shadow_color=\u00a0\u00bb#7cda24&Prime;]<\/p>\n<h3 style=\"text-align: right;\">Envie de r\u00e9v\u00e9ler votre espace de vie ?<\/h3>\n<p>[\/et_pb_text][\/et_pb_column][\/et_pb_row][\/et_pb_section]<\/p>\n","protected":false},"excerpt":{"rendered":"<p>Une terrasse \u00e0 SAN FRANCISCO Gr\u00e2ce aux r\u00e9seaux de communication digitale, ma cliente a pu r\u00e9aliser sa terrasse par elle-m\u00eame en suivant les \u00e9tapes du package \u00ab\u00a0Coup d&rsquo;pouce ON LINE \u00ab\u00a0Une maison \u00e0 GENEVE\u00a0 Gr\u00e2ce \u00e0 un suivi personnalis\u00e9, ma cliente a pu red\u00e9couvrir son espace de vie. La plupart des am\u00e9nagements ont \u00e9t\u00e9 r\u00e9alis\u00e9 [&hellip;]<\/p>\n","protected":false},"author":1,"featured_media":0,"parent":0,"menu_order":0,"comment_status":"closed","ping_status":"closed","template":"","meta":{"_et_pb_use_builder":"on","_et_pb_old_content":"","_et_gb_content_width":""},"_links":{"self":[{"href":"https:\/\/project-inside.com\/index.php?rest_route=\/wp\/v2\/pages\/32"}],"collection":[{"href":"https:\/\/project-inside.com\/index.php?rest_route=\/wp\/v2\/pages"}],"about":[{"href":"https:\/\/project-inside.com\/index.php?rest_route=\/wp\/v2\/types\/page"}],"author":[{"embeddable":true,"href":"https:\/\/project-inside.com\/index.php?rest_route=\/wp\/v2\/users\/1"}],"replies":[{"embeddable":true,"href":"https:\/\/project-inside.com\/index.php?rest_route=%2Fwp%2Fv2%2Fcomments&post=32"}],"version-history":[{"count":88,"href":"https:\/\/project-inside.com\/index.php?rest_route=\/wp\/v2\/pages\/32\/revisions"}],"predecessor-version":[{"id":1449,"href":"https:\/\/project-inside.com\/index.php?rest_route=\/wp\/v2\/pages\/32\/revisions\/1449"}],"wp:attachment":[{"href":"https:\/\/project-inside.com\/index.php?rest_route=%2Fwp%2Fv2%2Fmedia&parent=32"}],"curies":[{"name":"wp","href":"https:\/\/api.w.org\/{rel}","templated":true}]}}