{"id":24,"date":"2018-09-26T07:44:43","date_gmt":"2018-09-26T05:44:43","guid":{"rendered":"http:\/\/1e5s8suun.preview.infomaniak.website\/?page_id=24"},"modified":"2022-10-14T16:58:12","modified_gmt":"2022-10-14T14:58:12","slug":"a-propos","status":"publish","type":"page","link":"https:\/\/project-inside.com\/?page_id=24","title":{"rendered":"A propos"},"content":{"rendered":"<p>[et_pb_section fb_built=\u00a0\u00bb1&Prime; _builder_version=\u00a0\u00bb3.22&Prime;][et_pb_row _builder_version=\u00a0\u00bb3.25&Prime; background_size=\u00a0\u00bbinitial\u00a0\u00bb background_position=\u00a0\u00bbtop_left\u00a0\u00bb background_repeat=\u00a0\u00bbrepeat\u00a0\u00bb][et_pb_column type=\u00a0\u00bb4_4&Prime; _builder_version=\u00a0\u00bb3.25&Prime; custom_padding=\u00a0\u00bb|||\u00a0\u00bb custom_padding__hover=\u00a0\u00bb|||\u00a0\u00bb][et_pb_image src=\u00a0\u00bbhttp:\/\/1e5s8suun.preview.infomaniak.website\/wp-content\/uploads\/2018\/10\/flo2.jpg\u00a0\u00bb align_tablet=\u00a0\u00bbcenter\u00a0\u00bb align_phone=\u00a0\u00bb\u00a0\u00bb align_last_edited=\u00a0\u00bbon|desktop\u00a0\u00bb _builder_version=\u00a0\u00bb3.23&Prime;][\/et_pb_image][\/et_pb_column][\/et_pb_row][et_pb_row _builder_version=\u00a0\u00bb3.25&Prime; background_size=\u00a0\u00bbinitial\u00a0\u00bb background_position=\u00a0\u00bbtop_left\u00a0\u00bb background_repeat=\u00a0\u00bbrepeat\u00a0\u00bb][et_pb_column type=\u00a0\u00bb4_4&Prime; _builder_version=\u00a0\u00bb3.25&Prime; custom_padding=\u00a0\u00bb|||\u00a0\u00bb custom_padding__hover=\u00a0\u00bb|||\u00a0\u00bb][et_pb_text _builder_version=\u00a0\u00bb4.2&Prime; text_font_size=\u00a0\u00bb15px\u00a0\u00bb text_letter_spacing=\u00a0\u00bb1px\u00a0\u00bb text_line_height=\u00a0\u00bb1.3em\u00a0\u00bb header_letter_spacing=\u00a0\u00bb4px\u00a0\u00bb header_line_height=\u00a0\u00bb1.1em\u00a0\u00bb]<\/p>\n<h1 style=\"text-align: center;\"><strong>Ma vision de l&rsquo;am\u00e9nagement et de la d\u00e9coration <\/strong><strong>d&rsquo;int\u00e9rieur :\u00a0<\/strong><\/h1>\n<p style=\"text-align: justify;\">Un int\u00e9rieur apporte bien plus qu&rsquo;une fonction d&rsquo;habitation, c&rsquo;est un refuge, un lieu de partage, un lieu de r\u00e9flexion. C&rsquo;est l&rsquo;endroit o\u00fa on vit nos plus belles \u00e9motions, nos plus beaux \u00e9v\u00e9nements, nos tristes moments aussi.<\/p>\n<p style=\"text-align: justify;\">Un espace de vie, peut importe sa configuration, est notre reflet.<\/p>\n<p style=\"text-align: justify;\">Pour moi, la fa\u00e7on dont on consid\u00e8re, dont on am\u00e9nage,\u00a0 dont on d\u00e9core notre int\u00e9rieur a un impact sur notre vision du monde et nos relations avec les autres.<\/p>\n<p style=\"text-align: justify;\">On dit qu&rsquo;une bonne journ\u00e9e commence par une bonne nuit, pour moi la recherche du bien-\u00eatre commence par l&rsquo;environnement que l&rsquo;on se cr\u00e9e.<\/p>\n<h1 style=\"text-align: center;\"><strong>Ma mission :\u00a0 <\/strong><\/h1>\n<h1 style=\"text-align: center;\"><strong>Vous aider \u00e0 faire de votre espace de vie une source de bien-\u00eatre et de fiert\u00e9.<\/strong><\/h1>\n<p style=\"text-align: justify;\"><strong><\/strong><\/p>\n<p style=\"text-align: justify;\"><strong>Qui est Flo ?<\/strong><\/p>\n<p style=\"text-align: justify;\">Fille d\u2019artisans p\u00e2tissier-chocolatiers, j\u2019ai toujours grandi avec l\u2019envie\u00a0de donner du plaisir aux autres. Qu\u2019il soit esth\u00e9tique, gustatif, olfactif ou tactile, je vis gr\u00e2ce aux sensations et aux \u00e9motions que me procurent mes sens. Oups, j\u2019ai oubli\u00e9 auditif\u2026 Celui-ci m\u2019offre le plaisir d\u2019\u00e9couter les autres.<\/p>\n<p style=\"text-align: justify;\"><span style=\"color: #00ff00;\"><strong>Passionn\u00e9e\u00a0et romantique<\/strong><\/span> (attention, pas au sens fleurs, bijoux et St Valentin), je peux \u00eatre d\u00e9routante.<\/p>\n<p style=\"text-align: justify;\"><span style=\"color: #00ff00;\"><strong>La cr\u00e9ativit\u00e9<\/strong><\/span> est un trait important de ma personnalit\u00e9 qui m\u2019impose parfois des moments pas simples \u00e0 g\u00e9rer mais qui offre au centuple des exp\u00e9riences incroyables.<\/p>\n<p style=\"text-align: justify;\"><strong><span style=\"color: #00ff00;\">Curieuse<\/span>,<\/strong>\u00a0j\u2019aime rencontr\u00e9 les autres, discuter et d\u00e9couvrir leurs fa\u00e7ons de vivre et de voir la vie.<\/p>\n<p style=\"text-align: justify;\"><span style=\"color: #00ff00;\"><strong>Franche <span style=\"color: #000000;\">:<\/span><\/strong><\/span>\u00a0toujours avec une pointe d\u2019humour et d\u2019ironie (\u00e7a passe mieux).<\/p>\n<p style=\"text-align: justify;\"><span style=\"color: #00ff00;\"><strong>Mes armes<\/strong><\/span>\u00a0: l\u2019humour et mon large sourire<\/p>\n<p style=\"text-align: justify;\"><span style=\"color: #00ff00;\"><strong>Mon but<\/strong><\/span>\u00a0: me faire plaisir en \u00e9tant utile aux autres.<\/p>\n<p style=\"text-align: justify;\"><span style=\"color: #00ff00;\"><strong>Pour la partie formelle<\/strong><\/span> : un dipl\u00f4me en \u00e9cole h\u00f4teli\u00e8re, une licence de marketing, et 15 ans d&rsquo;exp\u00e9rience dans l&rsquo;am\u00e9nagement d&rsquo;int\u00e9rieur !<\/p>\n<p style=\"text-align: justify;\"><span style=\"color: #00ff00;\"><strong>Un parcours atypique<\/strong><\/span>: j&rsquo;aime d\u00e9couvrir pleins de domaines et rencontrer les gens :\u00a0 j&rsquo;ai eu la chance de travailler dans des palaces en tant que r\u00e9ceptionniste puis gouvernante. Ma satisfaction : toujours trouver la solution qui rendrait le s\u00e9jour des h\u00f4tes inoubliable et parfait ! Ensuite, j&rsquo;ai int\u00e9gr\u00e9 diff\u00e9rentes enseignes de mobiliers, tissus d&rsquo;ameublement haut de gamme, d&rsquo;accessoires : j&rsquo;ai enfin pu faire mes armes dans la d\u00e9coration d&rsquo;int\u00e9rieur !<\/p>\n<h1 style=\"text-align: center;\"><strong><\/strong><\/h1>\n<h1 style=\"text-align: center;\"><strong>Mon moteur : <\/strong><strong>la fiert\u00e9 dans les yeux de mon fils et de mon mari.<\/strong><\/h1>\n<h1 style=\"text-align: center;\"><strong><\/strong><\/h1>\n<h1 style=\"text-align: center;\"><strong>Mes valeurs : la libert\u00e9, le respect et la curiosit\u00e9 !<\/strong><\/h1>\n<p style=\"text-align: justify;\">Je revendique mon statut de femme \u00e0 multiples casquettes car je suis une passionn\u00e9e de la vie !<\/p>\n<p style=\"text-align: justify;\">Je me r\u00e9jouis de vous rencontrer !<\/p>\n<p style=\"text-align: justify;\">A bient\u00f4t !<\/p>\n<p style=\"text-align: justify;\"><img decoding=\"async\" loading=\"lazy\" class=\"wp-image-7 alignleft\" src=\"http:\/\/1e5s8suun.preview.infomaniak.website\/wp-content\/uploads\/2018\/09\/flo-263x300.jpg\" alt=\"\" width=\"129\" height=\"147\" srcset=\"https:\/\/project-inside.com\/wp-content\/uploads\/2018\/09\/flo-263x300.jpg 263w, https:\/\/project-inside.com\/wp-content\/uploads\/2018\/09\/flo-768x875.jpg 768w, https:\/\/project-inside.com\/wp-content\/uploads\/2018\/09\/flo-899x1024.jpg 899w, https:\/\/project-inside.com\/wp-content\/uploads\/2018\/09\/flo-1080x1230.jpg 1080w\" sizes=\"(max-width: 129px) 100vw, 129px\" \/><\/p>\n<p>[\/et_pb_text][et_pb_text _builder_version=\u00a0\u00bb4.2&Prime; link_option_url=\u00a0\u00bbhttps:\/\/youtu.be\/pazMyMuXuy8&Prime; hover_enabled=\u00a0\u00bb0&Prime; border_style_all=\u00a0\u00bbnone\u00a0\u00bb]<\/p>\n<h2 style=\"text-align: right;\"><strong>Interview <span style=\"color: #00ff00;\">brillance<\/span><\/strong><\/h2>\n<p>[\/et_pb_text][\/et_pb_column][\/et_pb_row][et_pb_row _builder_version=\u00a0\u00bb4.2&Prime;][et_pb_column _builder_version=\u00a0\u00bb4.2&Prime; type=\u00a0\u00bb4_4&Prime;][et_pb_text _builder_version=\u00a0\u00bb4.2&Prime; _dynamic_attributes=\u00a0\u00bblink_option_url\u00a0\u00bb text_font_size=\u00a0\u00bb15px\u00a0\u00bb text_letter_spacing=\u00a0\u00bb2px\u00a0\u00bb link_option_url=\u00a0\u00bb@ET-DC@eyJkeW5hbWljIjp0cnVlLCJjb250ZW50IjoicG9zdF9saW5rX3VybF9wYWdlIiwic2V0dGluZ3MiOnsicG9zdF9pZCI6IjI3In19@\u00a0\u00bb box_shadow_style=\u00a0\u00bbpreset1&Prime; box_shadow_color=\u00a0\u00bb#4fce25&Prime;]<\/p>\n<h2 style=\"text-align: center;\">Des questions ?\u00a0<\/h2>\n<h2 style=\"text-align: center;\">Contactez-moi !<\/h2>\n<p>[\/et_pb_text][\/et_pb_column][\/et_pb_row][\/et_pb_section]<\/p>\n","protected":false},"excerpt":{"rendered":"<p>Ma vision de l&rsquo;am\u00e9nagement et de la d\u00e9coration d&rsquo;int\u00e9rieur :\u00a0 Un int\u00e9rieur apporte bien plus qu&rsquo;une fonction d&rsquo;habitation, c&rsquo;est un refuge, un lieu de partage, un lieu de r\u00e9flexion. C&rsquo;est l&rsquo;endroit o\u00fa on vit nos plus belles \u00e9motions, nos plus beaux \u00e9v\u00e9nements, nos tristes moments aussi. Un espace de vie, peut importe sa configuration, est [&hellip;]<\/p>\n","protected":false},"author":1,"featured_media":0,"parent":0,"menu_order":0,"comment_status":"closed","ping_status":"closed","template":"","meta":{"_et_pb_use_builder":"on","_et_pb_old_content":"<p><img class=\"size-medium wp-image-73 alignleft\" src=\"http:\/\/1e5s8suun.preview.infomaniak.website\/wp-content\/uploads\/2018\/09\/profil-260x300.jpg\" alt=\"\" width=\"260\" height=\"300\" \/><\/p><p>Fille d'artisans p\u00e2tissiers-chocolatiers, j'ai toujours grandi avec la recherche de l'excellence du go\u00fbt et de l'esth\u00e9tique\u00a0 et surtout l'envie de faire plaisir aux autres.<\/p><p>\u00a0<\/p><p>Aussi loin que je m'en souvienne, j'ai toujours voulu cr\u00e9er mon entreprise et je me suis lanc\u00e9e en 2016 avec la certitude que \u00e7a allait fonctionner : 15 ans d\u2019exp\u00e9rience dans l'am\u00e9nagement d'int\u00e9rieur, une grande connaissance des mati\u00e8res et du mobilier. Un parcours professionnel et scolaire qui m'a donn\u00e9 la chance de toucher \u00e0 plusieurs domaines comme l'h\u00f4tellerie haut de gamme et le commerce. Le soutien de mes proches, mon mari m'a m\u00eame offert une belle parure de stylos pour \u00e9crire cette nouvelle page de ma vie. C'est parti ! un site internet, un page facebook, un compte instagram, des cartes de visites, des flyers et en 8 mois ... Je me suis plant\u00e9e ! Evidemment moral au plus bas mais je n'ai pas baiss\u00e9 les bras. J'ai commenc\u00e9 \u00e0 fr\u00e9quenter des r\u00e9seaux de femmes actives et\/ou entrepreneuses de la r\u00e9gion. Un ami me donnait plein de conseils pr\u00e9cieux, parfois tellement que j'\u00e9tais perdue, mais je savais qu'il fallait suivre cette voix.<\/p><p>Et un jour j'ai rencontr\u00e9 une femme avec une m\u00e9thode simple qui a raisonn\u00e9 en moi, je me suis dit : elle a compris ce que je cherchais. j'ai suivi son programme (et je le suis encore) pour bien construire mon entreprise et vous offrir chers clients, ch\u00e8res clientes mon meilleur service !<\/p><p>\u00a0<\/p><p>J'ai compris un cheminement que je n'avais pas suivi, j'ai assum\u00e9 mes envies, mes go\u00fbts, mon originalit\u00e9, mon histoire, le fait que je suis une experte dans mon domaine.<\/p><p>Je ne me suis jamais sentie seule et mes soutiens se sont multipli\u00e9s.<\/p><h2>Mon moteur : la fiert\u00e9 dans les yeux de mon fils et de mon mari.<\/h2><h2>Mes valeurs : la libert\u00e9, le respect et la curiosit\u00e9 !<\/h2><p>\u00a0<\/p><p>Je revendique mon statut de femme \u00e0 multiples casquettes car je suis une passionn\u00e9e de la vie !<\/p><p>Aujourd'hui \u00e0 force de pers\u00e9v\u00e9rance pour r\u00e9aliser mon r\u00eave je sais ce que je veux pour moi et pour le monde :<\/p><h1 style=\"text-align: center;\"><strong>Faire de votre espace de vie<\/strong><\/h1><h1 style=\"text-align: center;\"><strong>une source de bien-\u00eatre et de fiert\u00e9.<\/strong><\/h1><p>\u00a0<\/p><p>Je me r\u00e9jouis de vous rencontrer !<\/p><p>A bient\u00f4t<\/p><p>Floriane<\/p>","_et_gb_content_width":""},"_links":{"self":[{"href":"https:\/\/project-inside.com\/index.php?rest_route=\/wp\/v2\/pages\/24"}],"collection":[{"href":"https:\/\/project-inside.com\/index.php?rest_route=\/wp\/v2\/pages"}],"about":[{"href":"https:\/\/project-inside.com\/index.php?rest_route=\/wp\/v2\/types\/page"}],"author":[{"embeddable":true,"href":"https:\/\/project-inside.com\/index.php?rest_route=\/wp\/v2\/users\/1"}],"replies":[{"embeddable":true,"href":"https:\/\/project-inside.com\/index.php?rest_route=%2Fwp%2Fv2%2Fcomments&post=24"}],"version-history":[{"count":41,"href":"https:\/\/project-inside.com\/index.php?rest_route=\/wp\/v2\/pages\/24\/revisions"}],"predecessor-version":[{"id":870,"href":"https:\/\/project-inside.com\/index.php?rest_route=\/wp\/v2\/pages\/24\/revisions\/870"}],"wp:attachment":[{"href":"https:\/\/project-inside.com\/index.php?rest_route=%2Fwp%2Fv2%2Fmedia&parent=24"}],"curies":[{"name":"wp","href":"https:\/\/api.w.org\/{rel}","templated":true}]}}