{"id":1464,"date":"2022-10-15T18:04:32","date_gmt":"2022-10-15T16:04:32","guid":{"rendered":"http:\/\/www.project-inside.com\/?page_id=1464"},"modified":"2023-05-05T10:08:44","modified_gmt":"2023-05-05T08:08:44","slug":"lalcove","status":"publish","type":"page","link":"https:\/\/project-inside.com\/?page_id=1464","title":{"rendered":"L&rsquo;Alc\u00f4ve"},"content":{"rendered":"<p>[et_pb_section fb_built=\u00a0\u00bb1&Prime; _builder_version=\u00a0\u00bb4.16&Prime; global_colors_info=\u00a0\u00bb{}\u00a0\u00bb][et_pb_row _builder_version=\u00a0\u00bb4.16&Prime; background_size=\u00a0\u00bbinitial\u00a0\u00bb background_position=\u00a0\u00bbtop_left\u00a0\u00bb background_repeat=\u00a0\u00bbrepeat\u00a0\u00bb global_colors_info=\u00a0\u00bb{}\u00a0\u00bb][et_pb_column type=\u00a0\u00bb4_4&Prime; _builder_version=\u00a0\u00bb4.16&Prime; custom_padding=\u00a0\u00bb|||\u00a0\u00bb global_colors_info=\u00a0\u00bb{}\u00a0\u00bb custom_padding__hover=\u00a0\u00bb|||\u00a0\u00bb][et_pb_image src=\u00a0\u00bbhttps:\/\/project-inside.com\/wp-content\/uploads\/2023\/04\/qr-code-site-internet.png\u00a0\u00bb title_text=\u00a0\u00bbSite internet de l&rsquo;Alc\u00f4ve\u00a0\u00bb align=\u00a0\u00bbcenter\u00a0\u00bb align_tablet=\u00a0\u00bbcenter\u00a0\u00bb align_phone=\u00a0\u00bb\u00a0\u00bb align_last_edited=\u00a0\u00bbon|desktop\u00a0\u00bb _builder_version=\u00a0\u00bb4.19.5&Prime; global_colors_info=\u00a0\u00bb{}\u00a0\u00bb][\/et_pb_image][et_pb_cta title=\u00a0\u00bbD\u00e9couvrez le site internet de l&rsquo;Alc\u00f4ve : pour cr\u00e9er le cadre propice \u00e0 votre \u00e9panouissement sexuel\u00a0\u00bb _builder_version=\u00a0\u00bb4.19.5&Prime; _module_preset=\u00a0\u00bbdefault\u00a0\u00bb hover_enabled=\u00a0\u00bb0&Prime; global_colors_info=\u00a0\u00bb{}\u00a0\u00bb button_url=\u00a0\u00bbhttps:\/\/www.lalcove.ch\/\u00a0\u00bb sticky_enabled=\u00a0\u00bb0&Prime;][\/et_pb_cta][\/et_pb_column][\/et_pb_row][\/et_pb_section]<\/p>\n","protected":false},"excerpt":{"rendered":"","protected":false},"author":1,"featured_media":0,"parent":0,"menu_order":0,"comment_status":"closed","ping_status":"closed","template":"","meta":{"_et_pb_use_builder":"on","_et_pb_old_content":"<p><img class=\"size-medium wp-image-73 alignleft\" src=\"http:\/\/1e5s8suun.preview.infomaniak.website\/wp-content\/uploads\/2018\/09\/profil-260x300.jpg\" alt=\"\" width=\"260\" height=\"300\" \/><\/p><p>Fille d'artisans p\u00e2tissiers-chocolatiers, j'ai toujours grandi avec la recherche de l'excellence du go\u00fbt et de l'esth\u00e9tique\u00a0 et surtout l'envie de faire plaisir aux autres.<\/p><p>\u00a0<\/p><p>Aussi loin que je m'en souvienne, j'ai toujours voulu cr\u00e9er mon entreprise et je me suis lanc\u00e9e en 2016 avec la certitude que \u00e7a allait fonctionner : 15 ans d\u2019exp\u00e9rience dans l'am\u00e9nagement d'int\u00e9rieur, une grande connaissance des mati\u00e8res et du mobilier. Un parcours professionnel et scolaire qui m'a donn\u00e9 la chance de toucher \u00e0 plusieurs domaines comme l'h\u00f4tellerie haut de gamme et le commerce. Le soutien de mes proches, mon mari m'a m\u00eame offert une belle parure de stylos pour \u00e9crire cette nouvelle page de ma vie. C'est parti ! un site internet, un page facebook, un compte instagram, des cartes de visites, des flyers et en 8 mois ... Je me suis plant\u00e9e ! Evidemment moral au plus bas mais je n'ai pas baiss\u00e9 les bras. J'ai commenc\u00e9 \u00e0 fr\u00e9quenter des r\u00e9seaux de femmes actives et\/ou entrepreneuses de la r\u00e9gion. Un ami me donnait plein de conseils pr\u00e9cieux, parfois tellement que j'\u00e9tais perdue, mais je savais qu'il fallait suivre cette voix.<\/p><p>Et un jour j'ai rencontr\u00e9 une femme avec une m\u00e9thode simple qui a raisonn\u00e9 en moi, je me suis dit : elle a compris ce que je cherchais. j'ai suivi son programme (et je le suis encore) pour bien construire mon entreprise et vous offrir chers clients, ch\u00e8res clientes mon meilleur service !<\/p><p>\u00a0<\/p><p>J'ai compris un cheminement que je n'avais pas suivi, j'ai assum\u00e9 mes envies, mes go\u00fbts, mon originalit\u00e9, mon histoire, le fait que je suis une experte dans mon domaine.<\/p><p>Je ne me suis jamais sentie seule et mes soutiens se sont multipli\u00e9s.<\/p><h2>Mon moteur : la fiert\u00e9 dans les yeux de mon fils et de mon mari.<\/h2><h2>Mes valeurs : la libert\u00e9, le respect et la curiosit\u00e9 !<\/h2><p>\u00a0<\/p><p>Je revendique mon statut de femme \u00e0 multiples casquettes car je suis une passionn\u00e9e de la vie !<\/p><p>Aujourd'hui \u00e0 force de pers\u00e9v\u00e9rance pour r\u00e9aliser mon r\u00eave je sais ce que je veux pour moi et pour le monde :<\/p><h1 style=\"text-align: center;\"><strong>Faire de votre espace de vie<\/strong><\/h1><h1 style=\"text-align: center;\"><strong>une source de bien-\u00eatre et de fiert\u00e9.<\/strong><\/h1><p>\u00a0<\/p><p>Je me r\u00e9jouis de vous rencontrer !<\/p><p>A bient\u00f4t<\/p><p>Floriane<\/p>","_et_gb_content_width":""},"_links":{"self":[{"href":"https:\/\/project-inside.com\/index.php?rest_route=\/wp\/v2\/pages\/1464"}],"collection":[{"href":"https:\/\/project-inside.com\/index.php?rest_route=\/wp\/v2\/pages"}],"about":[{"href":"https:\/\/project-inside.com\/index.php?rest_route=\/wp\/v2\/types\/page"}],"author":[{"embeddable":true,"href":"https:\/\/project-inside.com\/index.php?rest_route=\/wp\/v2\/users\/1"}],"replies":[{"embeddable":true,"href":"https:\/\/project-inside.com\/index.php?rest_route=%2Fwp%2Fv2%2Fcomments&post=1464"}],"version-history":[{"count":37,"href":"https:\/\/project-inside.com\/index.php?rest_route=\/wp\/v2\/pages\/1464\/revisions"}],"predecessor-version":[{"id":1551,"href":"https:\/\/project-inside.com\/index.php?rest_route=\/wp\/v2\/pages\/1464\/revisions\/1551"}],"wp:attachment":[{"href":"https:\/\/project-inside.com\/index.php?rest_route=%2Fwp%2Fv2%2Fmedia&parent=1464"}],"curies":[{"name":"wp","href":"https:\/\/api.w.org\/{rel}","templated":true}]}}