{"id":1248,"date":"2020-04-06T16:26:02","date_gmt":"2020-04-06T14:26:02","guid":{"rendered":"http:\/\/www.project-inside.com\/?page_id=1248"},"modified":"2020-04-29T16:25:18","modified_gmt":"2020-04-29T14:25:18","slug":"coup-dpouce-3","status":"publish","type":"page","link":"https:\/\/project-inside.com\/?page_id=1248","title":{"rendered":"Coup d&rsquo;pouce"},"content":{"rendered":"<p>[et_pb_section fb_built=\u00a0\u00bb1&Prime; _builder_version=\u00a0\u00bb3.22&Prime;][et_pb_row column_structure=\u00a0\u00bb1_2,1_2&Prime; _builder_version=\u00a0\u00bb3.25&Prime; background_size=\u00a0\u00bbinitial\u00a0\u00bb background_position=\u00a0\u00bbtop_left\u00a0\u00bb background_repeat=\u00a0\u00bbrepeat\u00a0\u00bb][et_pb_column type=\u00a0\u00bb1_2&Prime; _builder_version=\u00a0\u00bb3.25&Prime; custom_padding=\u00a0\u00bb|||\u00a0\u00bb custom_padding__hover=\u00a0\u00bb|||\u00a0\u00bb][et_pb_text _builder_version=\u00a0\u00bb3.27.4&Prime; text_font=\u00a0\u00bb|700||on|||||\u00a0\u00bb text_text_color=\u00a0\u00bb#e5e5e5&Prime; text_font_size=\u00a0\u00bb19px\u00a0\u00bb text_letter_spacing=\u00a0\u00bb4px\u00a0\u00bb text_line_height=\u00a0\u00bb1em\u00a0\u00bb header_font=\u00a0\u00bb|||on|||||\u00a0\u00bb text_orientation=\u00a0\u00bbcenter\u00a0\u00bb box_shadow_style=\u00a0\u00bbpreset3&Prime; box_shadow_color=\u00a0\u00bb#4fce25&Prime;]<\/p>\n<h1>COUP D&rsquo;POUCE<\/h1>\n<p>[\/et_pb_text][\/et_pb_column][et_pb_column type=\u00a0\u00bb1_2&Prime; _builder_version=\u00a0\u00bb3.25&Prime; custom_padding=\u00a0\u00bb|||\u00a0\u00bb custom_padding__hover=\u00a0\u00bb|||\u00a0\u00bb][\/et_pb_column][\/et_pb_row][et_pb_row _builder_version=\u00a0\u00bb3.25&Prime; background_size=\u00a0\u00bbinitial\u00a0\u00bb background_position=\u00a0\u00bbtop_left\u00a0\u00bb background_repeat=\u00a0\u00bbrepeat\u00a0\u00bb][et_pb_column type=\u00a0\u00bb4_4&Prime; _builder_version=\u00a0\u00bb3.25&Prime; custom_padding=\u00a0\u00bb|||\u00a0\u00bb custom_padding__hover=\u00a0\u00bb|||\u00a0\u00bb][et_pb_text _builder_version=\u00a0\u00bb4.2&Prime;]<\/p>\n<h2 style=\"text-align: center;\">Une demie-journ\u00e9e ensemble pour vous aider \u00e0 retrouver la motivation et d\u00e9marrer les changements que vous voulez entreprendre dans votre espace de vie.<\/h2>\n<p>&nbsp;<\/p>\n<p>&nbsp;<\/p>\n<p>[\/et_pb_text][et_pb_text _builder_version=\u00a0\u00bb4.2&Prime; background_color=\u00a0\u00bb#4fce25&Prime;]<\/p>\n<h1 style=\"text-align: center;\">Les 3 \u00e9tapes du coup d&rsquo;pouce<\/h1>\n<p>[\/et_pb_text][\/et_pb_column][\/et_pb_row][et_pb_row _builder_version=\u00a0\u00bb3.25&Prime; background_size=\u00a0\u00bbinitial\u00a0\u00bb background_position=\u00a0\u00bbtop_left\u00a0\u00bb background_repeat=\u00a0\u00bbrepeat\u00a0\u00bb][et_pb_column type=\u00a0\u00bb4_4&Prime; _builder_version=\u00a0\u00bb3.25&Prime; custom_padding=\u00a0\u00bb|||\u00a0\u00bb custom_padding__hover=\u00a0\u00bb|||\u00a0\u00bb][et_pb_text _builder_version=\u00a0\u00bb4.2&Prime; text_font=\u00a0\u00bb|||on|||||\u00a0\u00bb text_text_color=\u00a0\u00bb#a8a8a8&Prime; text_font_size=\u00a0\u00bb15px\u00a0\u00bb text_letter_spacing=\u00a0\u00bb4px\u00a0\u00bb text_line_height=\u00a0\u00bb1em\u00a0\u00bb header_font=\u00a0\u00bb|||on|||||\u00a0\u00bb border_width_left=\u00a0\u00bb3px\u00a0\u00bb border_color_left=\u00a0\u00bb#4fce25&Prime;]<\/p>\n<h1>UN PETIT EXERCICE AVANT MA VISITE<\/h1>\n<p>[\/et_pb_text][et_pb_text _builder_version=\u00a0\u00bb4.2&Prime; text_text_color=\u00a0\u00bb#000000&Prime; text_font_size=\u00a0\u00bb12px\u00a0\u00bb text_letter_spacing=\u00a0\u00bb1px\u00a0\u00bb text_line_height=\u00a0\u00bb1.1em\u00a0\u00bb text_orientation=\u00a0\u00bbjustified\u00a0\u00bb border_style_all=\u00a0\u00bbnone\u00a0\u00bb border_width_left=\u00a0\u00bb3px\u00a0\u00bb border_color_left=\u00a0\u00bb#4fce25&Prime;]<\/p>\n<h2>Un mail 10 jours avant ma visite pour:<\/h2>\n<ol>\n<li>Vous inviter \u00e0 faire un jeu de d\u00e9couverte sur votre int\u00e9rieur<\/li>\n<li>Me faire parvenir quelques photos de la pi\u00e8ce \u00e0 travailler<\/li>\n<\/ol>\n<p>[\/et_pb_text][\/et_pb_column][\/et_pb_row][et_pb_row _builder_version=\u00a0\u00bb3.25&Prime; background_size=\u00a0\u00bbinitial\u00a0\u00bb background_position=\u00a0\u00bbtop_left\u00a0\u00bb background_repeat=\u00a0\u00bbrepeat\u00a0\u00bb][et_pb_column type=\u00a0\u00bb4_4&Prime; _builder_version=\u00a0\u00bb3.25&Prime; custom_padding=\u00a0\u00bb|||\u00a0\u00bb custom_padding__hover=\u00a0\u00bb|||\u00a0\u00bb][et_pb_text _builder_version=\u00a0\u00bb4.2&Prime; text_text_color=\u00a0\u00bb#a8a8a8&Prime; text_font_size=\u00a0\u00bb15px\u00a0\u00bb text_letter_spacing=\u00a0\u00bb4px\u00a0\u00bb text_line_height=\u00a0\u00bb1em\u00a0\u00bb header_font=\u00a0\u00bb|||on|||||\u00a0\u00bb border_width_left=\u00a0\u00bb3px\u00a0\u00bb border_color_left=\u00a0\u00bb#4fce25&Prime;]<\/p>\n<h1>JE VIENS CHEZ VOUS<\/h1>\n<p>[\/et_pb_text][et_pb_text _builder_version=\u00a0\u00bb4.2&Prime; text_font_size=\u00a0\u00bb12px\u00a0\u00bb text_letter_spacing=\u00a0\u00bb1px\u00a0\u00bb text_line_height=\u00a0\u00bb1.1em\u00a0\u00bb border_style_all=\u00a0\u00bbnone\u00a0\u00bb border_width_left=\u00a0\u00bb3px\u00a0\u00bb border_color_left=\u00a0\u00bb#4fce25&Prime;]<\/p>\n<h2>Je viens sur place pour vous aider\u00a0<\/h2>\n<h2>&#8211; 1 pi\u00e8ce*<\/h2>\n<h2>&#8211; 3 heures<\/h2>\n<ul>\n<li>Des conseils d\u2019am\u00e9nagement et de d\u00e9coration directement sur place en fonction :\n<ul>\n<li>de vos envies<\/li>\n<li>de vos besoins<\/li>\n<li>de votre personnalit\u00e9<\/li>\n<li>de vos recherches<\/li>\n<\/ul>\n<\/li>\n<\/ul>\n<p><em>\u00a0<\/em><\/p>\n<p><em><strong>* Pr\u00e9cisions :\u00a0<\/strong><\/em><\/p>\n<ul>\n<li><em> Salon + salle \u00e0 manger ouvert = 1 pi\u00e8ce<\/em><\/li>\n<li><em>Salle \u00e0 manger + cuisine ouverte = 1 pi\u00e8ce<\/em><\/li>\n<li><em>\u00a0Espace ouvert salon + salle \u00e0 manger + cuisine\u00a0 = 2 pi\u00e8ces<\/em><\/li>\n<\/ul>\n<p>[\/et_pb_text][\/et_pb_column][\/et_pb_row][et_pb_row _builder_version=\u00a0\u00bb3.25&Prime; background_size=\u00a0\u00bbinitial\u00a0\u00bb background_position=\u00a0\u00bbtop_left\u00a0\u00bb background_repeat=\u00a0\u00bbrepeat\u00a0\u00bb][et_pb_column type=\u00a0\u00bb4_4&Prime; _builder_version=\u00a0\u00bb3.25&Prime; custom_padding=\u00a0\u00bb|||\u00a0\u00bb custom_padding__hover=\u00a0\u00bb|||\u00a0\u00bb][et_pb_text _builder_version=\u00a0\u00bb4.2&Prime; text_font=\u00a0\u00bb|||on|||||\u00a0\u00bb text_text_color=\u00a0\u00bb#a8a8a8&Prime; text_font_size=\u00a0\u00bb15px\u00a0\u00bb text_letter_spacing=\u00a0\u00bb4px\u00a0\u00bb text_line_height=\u00a0\u00bb1em\u00a0\u00bb header_font=\u00a0\u00bb|||on|||||\u00a0\u00bb border_width_left=\u00a0\u00bb3px\u00a0\u00bb border_color_left=\u00a0\u00bb#4fce25&Prime;]<\/p>\n<h1>LE R\u00c9CAPITULATIF<\/h1>\n<p>[\/et_pb_text][et_pb_text _builder_version=\u00a0\u00bb4.2&Prime; text_font_size=\u00a0\u00bb12px\u00a0\u00bb text_letter_spacing=\u00a0\u00bb1px\u00a0\u00bb text_line_height=\u00a0\u00bb1.1em\u00a0\u00bb text_orientation=\u00a0\u00bbjustified\u00a0\u00bb border_style_all=\u00a0\u00bbnone\u00a0\u00bb border_width_left=\u00a0\u00bb3px\u00a0\u00bb border_color_left=\u00a0\u00bb#4fce25&Prime;]<\/p>\n<h2 style=\"text-align: left;\">Dans les 2 jours<\/h2>\n<h2 style=\"text-align: left;\">Recevez un r\u00e9capitulatif d\u00e9taill\u00e9 de ce qui a \u00e9t\u00e9 discut\u00e9 en format digital<\/h2>\n<ul>\n<li style=\"text-align: left;\">Retranscription de ce qui a \u00e9t\u00e9 discut\u00e9<\/li>\n<li style=\"text-align: left;\">Moodboard<\/li>\n<li style=\"text-align: left;\">plan 2D<\/li>\n<li style=\"text-align: left;\">shopping list<\/li>\n<\/ul>\n<p>[\/et_pb_text][\/et_pb_column][\/et_pb_row][et_pb_row _builder_version=\u00a0\u00bb3.25&Prime; background_size=\u00a0\u00bbinitial\u00a0\u00bb background_position=\u00a0\u00bbtop_left\u00a0\u00bb background_repeat=\u00a0\u00bbrepeat\u00a0\u00bb][et_pb_column type=\u00a0\u00bb4_4&Prime; _builder_version=\u00a0\u00bb3.25&Prime; custom_padding=\u00a0\u00bb|||\u00a0\u00bb custom_padding__hover=\u00a0\u00bb|||\u00a0\u00bb][et_pb_text _builder_version=\u00a0\u00bb4.2&Prime; background_color=\u00a0\u00bb#4fce25&Prime;]<\/p>\n<h1 style=\"text-align: center;\">LES PLUS POUR VOUS &#8230;<\/h1>\n<p>[\/et_pb_text][\/et_pb_column][\/et_pb_row][et_pb_row column_structure=\u00a0\u00bb1_2,1_2&Prime; _builder_version=\u00a0\u00bb3.25&Prime; background_size=\u00a0\u00bbinitial\u00a0\u00bb background_position=\u00a0\u00bbtop_left\u00a0\u00bb background_repeat=\u00a0\u00bbrepeat\u00a0\u00bb][et_pb_column type=\u00a0\u00bb1_2&Prime; _builder_version=\u00a0\u00bb3.25&Prime; custom_padding=\u00a0\u00bb|||\u00a0\u00bb custom_padding__hover=\u00a0\u00bb|||\u00a0\u00bb][et_pb_text _builder_version=\u00a0\u00bb4.2&Prime;]<\/p>\n<h2>*Une professionnelle \u00e0 votre \u00e9coute<\/h2>\n<ul>\n<li><strong>3h de rendez-vous<\/strong><\/li>\n<li>Disponibilit\u00e9 par Email, Whatsapp, Messenger pour des pr\u00e9cisions le temps que la pi\u00e8ce se mette en place<\/li>\n<li>Des astuces d&rsquo;experte pour r\u00e9aliser vote projet plus efficacement<\/li>\n<\/ul>\n<p>[\/et_pb_text][et_pb_text _builder_version=\u00a0\u00bb4.2&Prime;]<\/p>\n<h2>*Des astuces d&rsquo;experte pour r\u00e9aliser votre projet plus efficacement<\/h2>\n<p>[\/et_pb_text][\/et_pb_column][et_pb_column type=\u00a0\u00bb1_2&Prime; _builder_version=\u00a0\u00bb3.25&Prime; custom_padding=\u00a0\u00bb|||\u00a0\u00bb custom_padding__hover=\u00a0\u00bb|||\u00a0\u00bb][et_pb_text _builder_version=\u00a0\u00bb4.2&Prime;]<\/p>\n<h2>*Vous \u00e9voluez \u00e0 votre rythme<\/h2>\n<p>[\/et_pb_text][et_pb_text _builder_version=\u00a0\u00bb4.2&Prime;]<\/p>\n<h2>*Un dossier qui vous appartient<\/h2>\n<p>[\/et_pb_text][\/et_pb_column][\/et_pb_row][et_pb_row _builder_version=\u00a0\u00bb4.2&Prime; background_size=\u00a0\u00bbinitial\u00a0\u00bb background_position=\u00a0\u00bbtop_left\u00a0\u00bb background_repeat=\u00a0\u00bbrepeat\u00a0\u00bb border_width_all=\u00a0\u00bb2px\u00a0\u00bb border_color_all=\u00a0\u00bb#4FCE25&Prime;][et_pb_column type=\u00a0\u00bb4_4&Prime; _builder_version=\u00a0\u00bb3.25&Prime; custom_padding=\u00a0\u00bb|||\u00a0\u00bb custom_padding__hover=\u00a0\u00bb|||\u00a0\u00bb][et_pb_text _builder_version=\u00a0\u00bb3.27.4&Prime;]<\/p>\n<h1 style=\"text-align: right;\"><strong>Ce qu&rsquo;en pense C\u00e9line &#8211; Nyon<\/strong><\/h1>\n<p>[\/et_pb_text][et_pb_testimonial author=\u00a0\u00bbC\u00e9line\u00a0\u00bb job_title=\u00a0\u00bbNyon\u00a0\u00bb company_name=\u00a0\u00bbTexte et compagnie\u00a0\u00bb url=\u00a0\u00bbhttps:\/\/textesetcompagnie.com\/\u00a0\u00bb url_new_window=\u00a0\u00bbon\u00a0\u00bb _builder_version=\u00a0\u00bb4.2&Prime; body_text_align=\u00a0\u00bbjustify\u00a0\u00bb text_orientation=\u00a0\u00bbjustified\u00a0\u00bb hover_enabled=\u00a0\u00bb0&Prime;]J\u2019ai fait appel \u00e0 Flo quelques mois avant notre dernier d\u00e9m\u00e9nagement. Mon mari et moi voulions d\u2019une part donner une touche d\u2019originalit\u00e9 \u00e0 notre future cuisine et d\u2019autre part peindre l\u2019un des murs des pi\u00e8ces \u00e0 vivre dans une couleur autre que le blanc. Est-ce qu\u2019il fallait combiner les deux options et colorer l\u2019un des murs de la cuisine? Quelle couleur devions-nous choisir? N\u2019ayant ni exp\u00e9rience ni id\u00e9es tr\u00e8s arr\u00eat\u00e9es sur le sujet, nous avons fait appel \u00e0 Floriane. Elle a \u00e9t\u00e9 bluffante! En deux heures avec elle, j\u2019ai re\u00e7u des propositions concr\u00e8tes, r\u00e9pondant \u00e0 nos besoins et auxquelles nous n\u2019avions pas du tout song\u00e9. Je me suis clairement sentie \u00ab\u00a0reboost\u00e9e\u00a0\u00bb. J\u2019ai ador\u00e9 son \u0153il exp\u00e9riment\u00e9 qui m&rsquo;a imm\u00e9diatement propos\u00e9 des am\u00e9liorations dans la disposition des meubles de notre ancien appartement. On sent la pro! Merci Floriane!<br \/>\n[\/et_pb_testimonial][\/et_pb_column][\/et_pb_row][et_pb_row _builder_version=\u00a0\u00bb3.25&Prime; background_size=\u00a0\u00bbinitial\u00a0\u00bb background_position=\u00a0\u00bbtop_left\u00a0\u00bb background_repeat=\u00a0\u00bbrepeat\u00a0\u00bb][et_pb_column type=\u00a0\u00bb4_4&Prime; _builder_version=\u00a0\u00bb3.25&Prime; custom_padding=\u00a0\u00bb|||\u00a0\u00bb custom_padding__hover=\u00a0\u00bb|||\u00a0\u00bb][et_pb_text _builder_version=\u00a0\u00bb4.2&Prime; text_font=\u00a0\u00bb|||on|||||\u00a0\u00bb text_font_size=\u00a0\u00bb32px\u00a0\u00bb text_letter_spacing=\u00a0\u00bb3px\u00a0\u00bb text_line_height=\u00a0\u00bb1em\u00a0\u00bb text_orientation=\u00a0\u00bbcenter\u00a0\u00bb text_text_shadow_style=\u00a0\u00bbpreset2&Prime; box_shadow_style=\u00a0\u00bbpreset2&Prime; box_shadow_color=\u00a0\u00bb#4fce25&Prime;]<\/p>\n<h1 style=\"text-align: right;\"><strong>Fr. 399.-<\/strong><\/h1>\n<p>[\/et_pb_text][et_pb_text _builder_version=\u00a0\u00bb3.27.4&Prime;]<\/p>\n<p style=\"text-align: right;\"><strong><em>Pi\u00e8ce suppl\u00e9mentaire : CHF 99.- Inclus 1 heure suppl\u00e9mentaire, le m\u00eame jour<\/em><\/strong><\/p>\n<p style=\"text-align: right;\"><em>D\u00e9placement inclus dans un rayon de 40km autour de Lausanne. Forfait de Fr. 75.- au-del\u00e0.<\/em><\/p>\n<p style=\"text-align: right;\"><em>Heure suppl\u00e9mentaire : Fr. 150.-<\/em><\/p>\n<p>[\/et_pb_text][\/et_pb_column][\/et_pb_row][et_pb_row _builder_version=\u00a0\u00bb4.2&Prime;][et_pb_column type=\u00a0\u00bb4_4&Prime; _builder_version=\u00a0\u00bb4.2&Prime;][et_pb_text _builder_version=\u00a0\u00bb4.2&Prime; _dynamic_attributes=\u00a0\u00bblink_option_url\u00a0\u00bb link_option_url=\u00a0\u00bb@ET-DC@eyJkeW5hbWljIjp0cnVlLCJjb250ZW50IjoicG9zdF9saW5rX3VybF9wYWdlIiwic2V0dGluZ3MiOnsicG9zdF9pZCI6IjI3In19@\u00a0\u00bb box_shadow_style=\u00a0\u00bbpreset1&Prime; box_shadow_color=\u00a0\u00bb#7cda24&Prime;]<\/p>\n<h1 style=\"text-align: center;\">Envie d&rsquo;essayer ?<\/h1>\n<h1 style=\"text-align: center;\">Contactez Flo !<\/h1>\n<p>[\/et_pb_text][\/et_pb_column][\/et_pb_row][\/et_pb_section]<\/p>\n","protected":false},"excerpt":{"rendered":"<p>COUP D&rsquo;POUCE Une demie-journ\u00e9e ensemble pour vous aider \u00e0 retrouver la motivation et d\u00e9marrer les changements que vous voulez entreprendre dans votre espace de vie. &nbsp; &nbsp;Les 3 \u00e9tapes du coup d&rsquo;pouceUN PETIT EXERCICE AVANT MA VISITEUn mail 10 jours avant ma visite pour: Vous inviter \u00e0 faire un jeu de d\u00e9couverte sur votre int\u00e9rieur [&hellip;]<\/p>\n","protected":false},"author":1,"featured_media":0,"parent":0,"menu_order":0,"comment_status":"closed","ping_status":"closed","template":"","meta":{"_et_pb_use_builder":"on","_et_pb_old_content":"","_et_gb_content_width":""},"_links":{"self":[{"href":"https:\/\/project-inside.com\/index.php?rest_route=\/wp\/v2\/pages\/1248"}],"collection":[{"href":"https:\/\/project-inside.com\/index.php?rest_route=\/wp\/v2\/pages"}],"about":[{"href":"https:\/\/project-inside.com\/index.php?rest_route=\/wp\/v2\/types\/page"}],"author":[{"embeddable":true,"href":"https:\/\/project-inside.com\/index.php?rest_route=\/wp\/v2\/users\/1"}],"replies":[{"embeddable":true,"href":"https:\/\/project-inside.com\/index.php?rest_route=%2Fwp%2Fv2%2Fcomments&post=1248"}],"version-history":[{"count":12,"href":"https:\/\/project-inside.com\/index.php?rest_route=\/wp\/v2\/pages\/1248\/revisions"}],"predecessor-version":[{"id":1331,"href":"https:\/\/project-inside.com\/index.php?rest_route=\/wp\/v2\/pages\/1248\/revisions\/1331"}],"wp:attachment":[{"href":"https:\/\/project-inside.com\/index.php?rest_route=%2Fwp%2Fv2%2Fmedia&parent=1248"}],"curies":[{"name":"wp","href":"https:\/\/api.w.org\/{rel}","templated":true}]}}